{"id":168,"date":"2024-12-01T18:42:33","date_gmt":"2024-12-01T17:42:33","guid":{"rendered":"https:\/\/altum-projets.com\/?page_id=168"},"modified":"2026-01-19T10:57:25","modified_gmt":"2026-01-19T09:57:25","slug":"mentions-legales","status":"publish","type":"page","link":"https:\/\/altum-projets.com\/en\/mentions-legales\/","title":{"rendered":"Legal notices"},"content":{"rendered":"<div data-elementor-type=\"wp-page\" data-elementor-id=\"168\" class=\"elementor elementor-168\">\n\t\t\t\t<div class=\"elementor-element elementor-element-0a4d169 e-flex e-con-boxed e-con e-parent\" data-id=\"0a4d169\" data-element_type=\"container\" data-e-type=\"container\">\n\t\t\t\t\t<div class=\"e-con-inner\">\n\t\t\t\t<div class=\"elementor-element elementor-element-35b4b1e elementor-widget elementor-widget-heading\" data-id=\"35b4b1e\" data-element_type=\"widget\" data-e-type=\"widget\" data-widget_type=\"heading.default\">\n\t\t\t\t<div class=\"elementor-widget-container\">\n\t\t\t\t\t<h2 class=\"elementor-heading-title elementor-size-default\">Legal notices<\/h2>\t\t\t\t<\/div>\n\t\t\t\t<\/div>\n\t\t\t\t\t<\/div>\n\t\t\t\t<\/div>\n\t\t<div class=\"elementor-element elementor-element-a54e4fa e-flex e-con-boxed e-con e-parent\" data-id=\"a54e4fa\" data-element_type=\"container\" data-e-type=\"container\">\n\t\t\t\t\t<div class=\"e-con-inner\">\n\t\t\t\t<div class=\"elementor-element elementor-element-9d69106 elementor-widget elementor-widget-text-editor\" data-id=\"9d69106\" data-element_type=\"widget\" data-e-type=\"widget\" data-widget_type=\"text-editor.default\">\n\t\t\t\t<div class=\"elementor-widget-container\">\n\t\t\t\t\t\t\t\t\t<p>Conform\u00e9ment \u00e0 <em>l\u2019article 6 de la loi pour la confiance dans l\u2019\u00e9conomie num\u00e9rique<\/em> (LCEN), vous trouverez ci-dessous les informations l\u00e9gales relatives \u00e0 l\u2019\u00e9dition et \u00e0 l\u2019exploitation de ce site internet.<\/p><h3><strong>1. \u00c9diteur du site<\/strong><\/h3><p>Le pr\u00e9sent site\u00a0<a href=\"https:\/\/altum-projets.com\/en\/\">https:\/\/altum-projets.com\/<\/a> est \u00e9dit\u00e9 par :<\/p><p><span style=\"text-decoration: underline;\">Nom ou Raison Sociale<\/span> : Altum Projets<br \/><span style=\"text-decoration: underline;\">Forme juridique<\/span> : SARL Unipersonnelle<br \/><span style=\"text-decoration: underline;\">Capital social<\/span> : 5\u202f000,00 \u20ac<br \/><span style=\"text-decoration: underline;\">Si\u00e8ge social<\/span> : 34070 Montpellier<br \/><span style=\"text-decoration: underline;\">Num\u00e9ro SIRET<\/span> : 94812567900019<br \/><span style=\"text-decoration: underline;\">Num\u00e9ro RCS<\/span> : 948125679 &#8211; Tribunal de Commerce de Montpellier<br \/><span style=\"text-decoration: underline;\">Num\u00e9ro TVA intracommunautaire<\/span> : FR71948125679<\/p><h3><strong>2. Directeur de la publication<\/strong><\/h3><p>Le directeur de la publication est :<\/p><p><span style=\"text-decoration: underline;\">Surname<\/span> : <a href=\"https:\/\/www.tallem.fr\/\">Tallem<\/a><br \/><span style=\"text-decoration: underline;\">Email<\/span> : <a href=\"mailto:contact@tallem.fr\">contact@tallem.fr<\/a><\/p><h3><strong>3. H\u00e9bergeur du site<\/strong><\/h3><p>Ce site est h\u00e9berg\u00e9 par la soci\u00e9t\u00e9 OVH : <a href=\"http:\/\/www.ovh.com\" target=\"_blank\" rel=\"noopener\">http:\/\/www.ovh.com<\/a><br \/>Le nom de domaine est h\u00e9berg\u00e9 par la soci\u00e9t\u00e9 OVH : <a href=\"http:\/\/www.ovh.com arget=\">http:\/\/www.ovh.com<\/a><br \/>OVH SAS au capital de 10 069 020 \u20ac RCS Lille M\u00e9tropole 424 761 419 00045<br \/>Si\u00e8ge social : 2 rue Kellermann &#8211; 59100 Roubaix &#8211; France<\/p><h3><strong>4. Propri\u00e9t\u00e9 intellectuelle<\/strong><\/h3><p>Le contenu du site (textes, images, graphismes, logos, vid\u00e9os, etc.) est prot\u00e9g\u00e9 par le droit d\u2019auteur et la propri\u00e9t\u00e9 intellectuelle. Toute reproduction ou repr\u00e9sentation, totale ou partielle, sans l\u2019autorisation expresse de l\u2019\u00e9diteur est interdite.<\/p><h3><strong>5. Donn\u00e9es personnelles <\/strong><\/h3><p>Conform\u00e9ment \u00e0 la r\u00e9glementation en vigueur, notamment le <em>R\u00e8glement G\u00e9n\u00e9ral sur la Protection des Donn\u00e9es<\/em> (RGPD), Altum Projets s\u2019engage \u00e0 prot\u00e9ger les donn\u00e9es personnelles des utilisateurs.<\/p><ul><li>Responsable du traitement : Pierre-Am\u00e9d\u00e9e VAN GAVER<\/li><li>Finalit\u00e9 du traitement : Les donn\u00e9es collect\u00e9es sont utilis\u00e9es pour r\u00e9pondre aux demandes envoy\u00e9es via le formulaire de contact et analyser la fr\u00e9quentation du site (via des cookies analytiques).<\/li><li>Droits des utilisateurs : Vous disposez d\u2019un droit d\u2019acc\u00e8s, de rectification, d\u2019opposition, de suppression et de portabilit\u00e9 de vos donn\u00e9es. Ces droits peuvent \u00eatre exerc\u00e9s par e-mail \u00e0 <a href=\"mailto:contact@altum-projets.com\">contact@altum-projets.com<\/a>.<\/li><\/ul><p>Pour plus d\u2019informations, consultez notre <a href=\"https:\/\/altum-projets.com\/en\/politique-de-confidentialite\/\" rel=\"noopener\">Privacy policy<\/a>.<\/p><h3><strong>6. Cookies<\/strong><\/h3><p>Le site <a href=\"https:\/\/altum-projets.com\/en\/\">Altum Projets<\/a> utilise des cookies pour am\u00e9liorer l\u2019exp\u00e9rience utilisateur et analyser la fr\u00e9quentation du site. Vous pouvez configurer vos pr\u00e9f\u00e9rences en mati\u00e8re de cookies depuis notre <a href=\"#\" rel=\"noopener\">Cookie management policy<\/a>.<\/p><h3><strong>7. Responsabilit\u00e9<\/strong><\/h3><p>L\u2019\u00e9diteur du site ne saurait \u00eatre tenu responsable des erreurs, omissions ou des r\u00e9sultats qui pourraient \u00eatre obtenus par l\u2019usage des informations pr\u00e9sentes sur le site.<\/p><h3 class=\"title\"><strong>8. Conditions d&rsquo;utilisation<\/strong><\/h3><p>Le site accessible par l&rsquo;url suivante : <a href=\"https:\/\/altum-projets.com\/en\/\">https:\/\/altum-projets.com\/<\/a> est exploit\u00e9 dans le respect de la l\u00e9gislation fran\u00e7aise.<br \/>L&rsquo;utilisation de ce site est r\u00e9gie par les pr\u00e9sentes conditions g\u00e9n\u00e9rales.<br \/>En utilisant le site, vous reconnaissez avoir pris connaissance de ces conditions et les avoir accept\u00e9es.<br \/>Celles-ci pourront \u00eatres modifi\u00e9es \u00e0 tout moment et sans pr\u00e9avis par la soci\u00e9t\u00e9 Altum Projets.<\/p><p>Altum Projets ne saurait \u00eatre tenu pour responsable en aucune mani\u00e8re d\u2019une mauvaise utilisation du service.<\/p>\t\t\t\t\t\t\t\t<\/div>\n\t\t\t\t<\/div>\n\t\t\t\t\t<\/div>\n\t\t\t\t<\/div>\n\t\t\t\t<\/div>","protected":false},"excerpt":{"rendered":"<p>Mentions l\u00e9gales Conform\u00e9ment \u00e0 l\u2019article 6 de la loi pour la confiance dans l\u2019\u00e9conomie num\u00e9rique (LCEN), vous trouverez ci-dessous les [&hellip;]<\/p>\n","protected":false},"author":2,"featured_media":0,"parent":0,"menu_order":0,"comment_status":"closed","ping_status":"closed","template":"","meta":{"site-sidebar-layout":"no-sidebar","site-content-layout":"","ast-site-content-layout":"full-width-container","site-content-style":"default","site-sidebar-style":"default","ast-global-header-display":"","ast-banner-title-visibility":"","ast-main-header-display":"","ast-hfb-above-header-display":"","ast-hfb-below-header-display":"","ast-hfb-mobile-header-display":"","site-post-title":"disabled","ast-breadcrumbs-content":"","ast-featured-img":"disabled","footer-sml-layout":"","ast-disable-related-posts":"","theme-transparent-header-meta":"","adv-header-id-meta":"","stick-header-meta":"","header-above-stick-meta":"","header-main-stick-meta":"","header-below-stick-meta":"","astra-migrate-meta-layouts":"default","ast-page-background-enabled":"default","ast-page-background-meta":{"desktop":{"background-color":"var(--ast-global-color-4)","background-image":"","background-repeat":"repeat","background-position":"center center","background-size":"auto","background-attachment":"scroll","background-type":"","background-media":"","overlay-type":"","overlay-color":"","overlay-opacity":"","overlay-gradient":""},"tablet":{"background-color":"","background-image":"","background-repeat":"repeat","background-position":"center center","background-size":"auto","background-attachment":"scroll","background-type":"","background-media":"","overlay-type":"","overlay-color":"","overlay-opacity":"","overlay-gradient":""},"mobile":{"background-color":"","background-image":"","background-repeat":"repeat","background-position":"center center","background-size":"auto","background-attachment":"scroll","background-type":"","background-media":"","overlay-type":"","overlay-color":"","overlay-opacity":"","overlay-gradient":""}},"ast-content-background-meta":{"desktop":{"background-color":"var(--ast-global-color-5)","background-image":"","background-repeat":"repeat","background-position":"center center","background-size":"auto","background-attachment":"scroll","background-type":"","background-media":"","overlay-type":"","overlay-color":"","overlay-opacity":"","overlay-gradient":""},"tablet":{"background-color":"var(--ast-global-color-5)","background-image":"","background-repeat":"repeat","background-position":"center center","background-size":"auto","background-attachment":"scroll","background-type":"","background-media":"","overlay-type":"","overlay-color":"","overlay-opacity":"","overlay-gradient":""},"mobile":{"background-color":"var(--ast-global-color-5)","background-image":"","background-repeat":"repeat","background-position":"center center","background-size":"auto","background-attachment":"scroll","background-type":"","background-media":"","overlay-type":"","overlay-color":"","overlay-opacity":"","overlay-gradient":""}},"footnotes":""},"class_list":["post-168","page","type-page","status-publish","hentry"],"yoast_head":"<!-- This site is optimized with the Yoast SEO plugin v27.4 - https:\/\/yoast.com\/product\/yoast-seo-wordpress\/ -->\n<title>Mentions l\u00e9gales - Altum Projets<\/title>\n<meta name=\"robots\" content=\"index, follow, max-snippet:-1, max-image-preview:large, max-video-preview:-1\" \/>\n<link rel=\"canonical\" href=\"https:\/\/altum-projets.com\/en\/mentions-legales\/\" \/>\n<meta property=\"og:locale\" content=\"en_GB\" \/>\n<meta property=\"og:type\" content=\"article\" \/>\n<meta property=\"og:title\" content=\"Mentions l\u00e9gales - Altum Projets\" \/>\n<meta property=\"og:description\" content=\"Mentions l\u00e9gales Conform\u00e9ment \u00e0 l\u2019article 6 de la loi pour la confiance dans l\u2019\u00e9conomie num\u00e9rique (LCEN), vous trouverez ci-dessous les [&hellip;]\" \/>\n<meta property=\"og:url\" content=\"https:\/\/altum-projets.com\/en\/mentions-legales\/\" \/>\n<meta property=\"og:site_name\" content=\"Altum Projets\" \/>\n<meta property=\"article:modified_time\" content=\"2026-01-19T09:57:25+00:00\" \/>\n<meta name=\"twitter:card\" content=\"summary_large_image\" \/>\n<meta name=\"twitter:label1\" content=\"Estimated reading time\" \/>\n\t<meta name=\"twitter:data1\" content=\"3 minutes\" \/>\n<script type=\"application\/ld+json\" class=\"yoast-schema-graph\">{\"@context\":\"https:\\\/\\\/schema.org\",\"@graph\":[{\"@type\":\"WebPage\",\"@id\":\"https:\\\/\\\/altum-projets.com\\\/mentions-legales\\\/\",\"url\":\"https:\\\/\\\/altum-projets.com\\\/mentions-legales\\\/\",\"name\":\"Mentions l\u00e9gales - Altum Projets\",\"isPartOf\":{\"@id\":\"https:\\\/\\\/altum-projets.com\\\/#website\"},\"datePublished\":\"2024-12-01T17:42:33+00:00\",\"dateModified\":\"2026-01-19T09:57:25+00:00\",\"breadcrumb\":{\"@id\":\"https:\\\/\\\/altum-projets.com\\\/mentions-legales\\\/#breadcrumb\"},\"inLanguage\":\"en-GB\",\"potentialAction\":[{\"@type\":\"ReadAction\",\"target\":[\"https:\\\/\\\/altum-projets.com\\\/mentions-legales\\\/\"]}]},{\"@type\":\"BreadcrumbList\",\"@id\":\"https:\\\/\\\/altum-projets.com\\\/mentions-legales\\\/#breadcrumb\",\"itemListElement\":[{\"@type\":\"ListItem\",\"position\":1,\"name\":\"Accueil\",\"item\":\"https:\\\/\\\/altum-projets.com\\\/\"},{\"@type\":\"ListItem\",\"position\":2,\"name\":\"Mentions l\u00e9gales\"}]},{\"@type\":\"WebSite\",\"@id\":\"https:\\\/\\\/altum-projets.com\\\/#website\",\"url\":\"https:\\\/\\\/altum-projets.com\\\/\",\"name\":\"Altum Projets\",\"description\":\"Conseil et Assistance \u00e0 Ma\u00eetrise Ouvrage en Immobilier\",\"publisher\":{\"@id\":\"https:\\\/\\\/altum-projets.com\\\/#organization\"},\"potentialAction\":[{\"@type\":\"SearchAction\",\"target\":{\"@type\":\"EntryPoint\",\"urlTemplate\":\"https:\\\/\\\/altum-projets.com\\\/?s={search_term_string}\"},\"query-input\":{\"@type\":\"PropertyValueSpecification\",\"valueRequired\":true,\"valueName\":\"search_term_string\"}}],\"inLanguage\":\"en-GB\"},{\"@type\":\"Organization\",\"@id\":\"https:\\\/\\\/altum-projets.com\\\/#organization\",\"name\":\"Altum Projets\",\"url\":\"https:\\\/\\\/altum-projets.com\\\/\",\"logo\":{\"@type\":\"ImageObject\",\"inLanguage\":\"en-GB\",\"@id\":\"https:\\\/\\\/altum-projets.com\\\/#\\\/schema\\\/logo\\\/image\\\/\",\"url\":\"https:\\\/\\\/altum-projets.com\\\/wp-content\\\/uploads\\\/2024\\\/11\\\/Altum-projets-LOGO1.svg\",\"contentUrl\":\"https:\\\/\\\/altum-projets.com\\\/wp-content\\\/uploads\\\/2024\\\/11\\\/Altum-projets-LOGO1.svg\",\"width\":636,\"height\":257,\"caption\":\"Altum Projets\"},\"image\":{\"@id\":\"https:\\\/\\\/altum-projets.com\\\/#\\\/schema\\\/logo\\\/image\\\/\"},\"sameAs\":[\"https:\\\/\\\/www.linkedin.com\\\/company\\\/altum-projets\\\/\"]}]}<\/script>\n<!-- \/ Yoast SEO plugin. -->","yoast_head_json":{"title":"Mentions l\u00e9gales - Altum Projets","robots":{"index":"index","follow":"follow","max-snippet":"max-snippet:-1","max-image-preview":"max-image-preview:large","max-video-preview":"max-video-preview:-1"},"canonical":"https:\/\/altum-projets.com\/en\/mentions-legales\/","og_locale":"en_GB","og_type":"article","og_title":"Mentions l\u00e9gales - Altum Projets","og_description":"Mentions l\u00e9gales Conform\u00e9ment \u00e0 l\u2019article 6 de la loi pour la confiance dans l\u2019\u00e9conomie num\u00e9rique (LCEN), vous trouverez ci-dessous les [&hellip;]","og_url":"https:\/\/altum-projets.com\/en\/mentions-legales\/","og_site_name":"Altum Projets","article_modified_time":"2026-01-19T09:57:25+00:00","twitter_card":"summary_large_image","twitter_misc":{"Estimated reading time":"3 minutes"},"schema":{"@context":"https:\/\/schema.org","@graph":[{"@type":"WebPage","@id":"https:\/\/altum-projets.com\/mentions-legales\/","url":"https:\/\/altum-projets.com\/mentions-legales\/","name":"Mentions l\u00e9gales - Altum Projets","isPartOf":{"@id":"https:\/\/altum-projets.com\/#website"},"datePublished":"2024-12-01T17:42:33+00:00","dateModified":"2026-01-19T09:57:25+00:00","breadcrumb":{"@id":"https:\/\/altum-projets.com\/mentions-legales\/#breadcrumb"},"inLanguage":"en-GB","potentialAction":[{"@type":"ReadAction","target":["https:\/\/altum-projets.com\/mentions-legales\/"]}]},{"@type":"BreadcrumbList","@id":"https:\/\/altum-projets.com\/mentions-legales\/#breadcrumb","itemListElement":[{"@type":"ListItem","position":1,"name":"Accueil","item":"https:\/\/altum-projets.com\/"},{"@type":"ListItem","position":2,"name":"Mentions l\u00e9gales"}]},{"@type":"WebSite","@id":"https:\/\/altum-projets.com\/#website","url":"https:\/\/altum-projets.com\/","name":"Altum Projets","description":"Conseil et Assistance \u00e0 Ma\u00eetrise Ouvrage en Immobilier","publisher":{"@id":"https:\/\/altum-projets.com\/#organization"},"potentialAction":[{"@type":"SearchAction","target":{"@type":"EntryPoint","urlTemplate":"https:\/\/altum-projets.com\/?s={search_term_string}"},"query-input":{"@type":"PropertyValueSpecification","valueRequired":true,"valueName":"search_term_string"}}],"inLanguage":"en-GB"},{"@type":"Organization","@id":"https:\/\/altum-projets.com\/#organization","name":"Altum Projets","url":"https:\/\/altum-projets.com\/","logo":{"@type":"ImageObject","inLanguage":"en-GB","@id":"https:\/\/altum-projets.com\/#\/schema\/logo\/image\/","url":"https:\/\/altum-projets.com\/wp-content\/uploads\/2024\/11\/Altum-projets-LOGO1.svg","contentUrl":"https:\/\/altum-projets.com\/wp-content\/uploads\/2024\/11\/Altum-projets-LOGO1.svg","width":636,"height":257,"caption":"Altum Projets"},"image":{"@id":"https:\/\/altum-projets.com\/#\/schema\/logo\/image\/"},"sameAs":["https:\/\/www.linkedin.com\/company\/altum-projets\/"]}]}},"_links":{"self":[{"href":"https:\/\/altum-projets.com\/en\/wp-json\/wp\/v2\/pages\/168","targetHints":{"allow":["GET"]}}],"collection":[{"href":"https:\/\/altum-projets.com\/en\/wp-json\/wp\/v2\/pages"}],"about":[{"href":"https:\/\/altum-projets.com\/en\/wp-json\/wp\/v2\/types\/page"}],"author":[{"embeddable":true,"href":"https:\/\/altum-projets.com\/en\/wp-json\/wp\/v2\/users\/2"}],"replies":[{"embeddable":true,"href":"https:\/\/altum-projets.com\/en\/wp-json\/wp\/v2\/comments?post=168"}],"version-history":[{"count":50,"href":"https:\/\/altum-projets.com\/en\/wp-json\/wp\/v2\/pages\/168\/revisions"}],"predecessor-version":[{"id":1628,"href":"https:\/\/altum-projets.com\/en\/wp-json\/wp\/v2\/pages\/168\/revisions\/1628"}],"wp:attachment":[{"href":"https:\/\/altum-projets.com\/en\/wp-json\/wp\/v2\/media?parent=168"}],"curies":[{"name":"wp","href":"https:\/\/api.w.org\/{rel}","templated":true}]}}