{"id":3,"date":"2024-11-06T12:49:39","date_gmt":"2024-11-06T11:49:39","guid":{"rendered":"http:\/\/ldstqbu.cluster027.hosting.ovh.net\/?page_id=3"},"modified":"2026-01-19T10:57:25","modified_gmt":"2026-01-19T09:57:25","slug":"politique-de-confidentialite","status":"publish","type":"page","link":"https:\/\/altum-projets.com\/en\/politique-de-confidentialite\/","title":{"rendered":"Privacy policy"},"content":{"rendered":"<div data-elementor-type=\"wp-page\" data-elementor-id=\"3\" class=\"elementor elementor-3\">\n\t\t\t\t<div class=\"elementor-element elementor-element-7ec38f76 e-flex e-con-boxed e-con e-parent\" data-id=\"7ec38f76\" data-element_type=\"container\" data-e-type=\"container\">\n\t\t\t\t\t<div class=\"e-con-inner\">\n\t\t\t\t<div class=\"elementor-element elementor-element-82e867b elementor-widget elementor-widget-heading\" data-id=\"82e867b\" data-element_type=\"widget\" data-e-type=\"widget\" data-widget_type=\"heading.default\">\n\t\t\t\t<div class=\"elementor-widget-container\">\n\t\t\t\t\t<h2 class=\"elementor-heading-title elementor-size-default\">Politique de Confidentialit\u00e9<\/h2>\t\t\t\t<\/div>\n\t\t\t\t<\/div>\n\t\t\t\t<div class=\"elementor-element elementor-element-1210472a elementor-widget elementor-widget-text-editor\" data-id=\"1210472a\" data-element_type=\"widget\" data-e-type=\"widget\" data-widget_type=\"text-editor.default\">\n\t\t\t\t<div class=\"elementor-widget-container\">\n\t\t\t\t\t\t\t\t\t<p><strong>Derni\u00e8re mise \u00e0 jour : 13 janvier 2025<br \/><\/strong><\/p><p>La pr\u00e9sente politique de confidentialit\u00e9 a pour but de vous informer sur la mani\u00e8re dont nous collectons, utilisons, prot\u00e9geons et partageons vos donn\u00e9es personnelles lorsque vous utilisez notre site <a href=\"https:\/\/altum-projets.com\/en\/\">Altum Projets<\/a>.<\/p><h3>1. <strong>Responsable du traitement des donn\u00e9es<\/strong><\/h3><p>Le responsable du traitement des donn\u00e9es personnelles collect\u00e9es sur ce site est :<\/p><ul><li><strong>Nom de l&rsquo;entreprise \/ Responsable<\/strong> : Pierre-Am\u00e9d\u00e9e VAN GAVER<\/li><li><strong>Adresse du si\u00e8ge social<\/strong> : 34070 Montpellier<\/li><\/ul><h3>2. <strong>Quelles donn\u00e9es collectons-nous ?<\/strong><\/h3><p>Nous collectons des donn\u00e9es personnelles lorsque vous utilisez notre site, notamment via notre formulaire de contact. Les informations que nous collectons sont les suivantes :<\/p><ul><li><strong>Nom et pr\u00e9nom<\/strong>.<\/li><li><strong>Adresse email<\/strong>.<\/li><li><strong>Text<\/strong>.<\/li><li><strong>Adresse IP<\/strong> (via Google Analytics et autres outils de suivi).<\/li><\/ul><h3>3. <strong>Pourquoi collectons-nous vos donn\u00e9es ?<\/strong><\/h3><p>Les donn\u00e9es collect\u00e9es sont utilis\u00e9es pour les finalit\u00e9s suivantes :<\/p><ul><li><strong>Gestion des demandes de contact<\/strong> : R\u00e9pondre \u00e0 vos questions ou demandes via le formulaire de contact.<\/li><li><strong>Am\u00e9lioration du site et des services<\/strong> : Analyser l\u2019audience du site via Google Analytics afin de mieux comprendre les pr\u00e9f\u00e9rences des utilisateurs et am\u00e9liorer notre contenu.<\/li><li><strong>Communication avec l\u2019utilisateur<\/strong> : Vous envoyer des informations en r\u00e9ponse \u00e0 vos demandes via le formulaire de contact, si vous avez consenti \u00e0 recevoir nos r\u00e9ponses.<\/li><\/ul><h3>4. <strong>Base l\u00e9gale du traitement<\/strong><\/h3><p>Le traitement de vos donn\u00e9es personnelles repose sur les bases l\u00e9gales suivantes :<\/p><ul><li><strong>Consentement<\/strong> : Vous consentez explicitement \u00e0 la collecte et au traitement de vos donn\u00e9es personnelles en remplissant le formulaire de contact.<\/li><li><strong>Int\u00e9r\u00eat l\u00e9gitime<\/strong> : Nous traitons certaines informations pour am\u00e9liorer la performance du site (par exemple, Google Analytics).<\/li><\/ul><h3>5. <strong>Qui a acc\u00e8s \u00e0 vos donn\u00e9es ?<\/strong><\/h3><p>Seules les personnes autoris\u00e9es au sein de notre organisation, et les prestataires de services externes qui nous aident \u00e0 g\u00e9rer ce site (h\u00e9bergeur, outils de statistiques, etc.), peuvent acc\u00e9der \u00e0 vos donn\u00e9es. Nous ne vendons pas vos donn\u00e9es \u00e0 des tiers.<\/p><p>Les donn\u00e9es collect\u00e9es via Google Analytics peuvent \u00eatre trait\u00e9es par Google dans le respect de ses propres politiques de confidentialit\u00e9. Vous pouvez consulter leur politique de confidentialit\u00e9 ici : <a target=\"_new\" rel=\"noopener\">https:\/\/policies.google.com\/privacy<\/a>.<\/p><h3>6. <strong>Dur\u00e9e de conservation de vos donn\u00e9es<\/strong><\/h3><p>Nous conservons vos donn\u00e9es personnelles pendant la dur\u00e9e n\u00e9cessaire pour r\u00e9pondre \u00e0 votre demande et aux fins pour lesquelles elles ont \u00e9t\u00e9 collect\u00e9es. Par exemple :<\/p><ul><li>Les donn\u00e9es collect\u00e9es via le formulaire de contact sont conserv\u00e9es pendant un maximum de <span style=\"text-decoration: underline;\">12 mois<\/span> apr\u00e8s notre dernier \u00e9change.<\/li><li>Les donn\u00e9es collect\u00e9es par Google Analytics sont conserv\u00e9es pendant un maximum de <span style=\"text-decoration: underline;\">14 mois<\/span> avant d\u2019\u00eatre anonymis\u00e9es.<\/li><\/ul><h3>7. <strong>Vos droits concernant vos donn\u00e9es personnelles<\/strong><\/h3><p>Conform\u00e9ment au <em>R\u00e8glement G\u00e9n\u00e9ral sur la Protection des Donn\u00e9es (RGPD)<\/em>, vous disposez des droits suivants concernant vos donn\u00e9es personnelles :<\/p><ul><li><strong>Droit d\u2019acc\u00e8s<\/strong> : Vous pouvez demander \u00e0 acc\u00e9der aux donn\u00e9es personnelles que nous d\u00e9tenons \u00e0 votre sujet.<\/li><li><strong>Droit de rectification<\/strong> : Vous pouvez demander la correction de vos donn\u00e9es personnelles si elles sont inexactes ou incompl\u00e8tes.<\/li><li><strong>Droit \u00e0 l\u2019effacement<\/strong> : Vous pouvez demander l\u2019effacement de vos donn\u00e9es personnelles, dans certaines conditions.<\/li><li><strong>Droit d\u2019opposition<\/strong> : Vous pouvez vous opposer \u00e0 l\u2019utilisation de vos donn\u00e9es pour des raisons l\u00e9gitimes.<\/li><li><strong>Droit \u00e0 la portabilit\u00e9<\/strong> : Vous avez le droit de r\u00e9cup\u00e9rer vos donn\u00e9es personnelles dans un format structur\u00e9 et lisible par machine.<\/li><li><strong>Droit \u00e0 la limitation du traitement<\/strong> : Vous pouvez demander la limitation du traitement de vos donn\u00e9es dans certaines situations.<\/li><\/ul><p>Pour exercer vos droits, vous pouvez nous contacter \u00e0 l\u2019adresse suivante : <a href=\"mailto:contact@altum-projets.com\">contact@altum-projets.com<\/a>.<\/p><h3>8. <strong>S\u00e9curisation de vos donn\u00e9es<\/strong><\/h3><p>Nous mettons en \u0153uvre des mesures techniques et organisationnelles appropri\u00e9es pour prot\u00e9ger vos donn\u00e9es personnelles contre toute perte, vol, ou acc\u00e8s non autoris\u00e9. Cela inclut l\u2019utilisation de protocoles de s\u00e9curit\u00e9 HTTPS pour la transmission des informations sur notre site.<\/p><h3>9. <strong>Cookies<\/strong><\/h3><p>Ce site utilise des cookies pour am\u00e9liorer votre exp\u00e9rience utilisateur et analyser la fr\u00e9quentation du site. Vous pouvez obtenir plus d\u2019informations sur l\u2019utilisation des cookies dans notre <a href=\"https:\/\/altum-projets.com\/en\/politique-de-gestion-des-cookies\/\"><strong>Politique de Cookies<\/strong><\/a>.<\/p><h3>10. <strong>Modification de la politique de confidentialit\u00e9<\/strong><\/h3><p>Nous nous r\u00e9servons le droit de modifier cette politique de confidentialit\u00e9 \u00e0 tout moment. Les changements seront publi\u00e9s sur cette page et prendront effet imm\u00e9diatement apr\u00e8s leur mise en ligne.<\/p>\t\t\t\t\t\t\t\t<\/div>\n\t\t\t\t<\/div>\n\t\t\t\t\t<\/div>\n\t\t\t\t<\/div>\n\t\t\t\t<\/div>","protected":false},"excerpt":{"rendered":"<p>Politique de Confidentialit\u00e9 Derni\u00e8re mise \u00e0 jour : 13 janvier 2025 La pr\u00e9sente politique de confidentialit\u00e9 a pour but de [&hellip;]<\/p>\n","protected":false},"author":2,"featured_media":0,"parent":0,"menu_order":0,"comment_status":"closed","ping_status":"open","template":"","meta":{"site-sidebar-layout":"default","site-content-layout":"","ast-site-content-layout":"default","site-content-style":"default","site-sidebar-style":"default","ast-global-header-display":"","ast-banner-title-visibility":"","ast-main-header-display":"","ast-hfb-above-header-display":"","ast-hfb-below-header-display":"","ast-hfb-mobile-header-display":"","site-post-title":"","ast-breadcrumbs-content":"","ast-featured-img":"","footer-sml-layout":"","ast-disable-related-posts":"","theme-transparent-header-meta":"","adv-header-id-meta":"","stick-header-meta":"","header-above-stick-meta":"","header-main-stick-meta":"","header-below-stick-meta":"","astra-migrate-meta-layouts":"default","ast-page-background-enabled":"default","ast-page-background-meta":{"desktop":{"background-color":"var(--ast-global-color-4)","background-image":"","background-repeat":"repeat","background-position":"center center","background-size":"auto","background-attachment":"scroll","background-type":"","background-media":"","overlay-type":"","overlay-color":"","overlay-opacity":"","overlay-gradient":""},"tablet":{"background-color":"","background-image":"","background-repeat":"repeat","background-position":"center center","background-size":"auto","background-attachment":"scroll","background-type":"","background-media":"","overlay-type":"","overlay-color":"","overlay-opacity":"","overlay-gradient":""},"mobile":{"background-color":"","background-image":"","background-repeat":"repeat","background-position":"center center","background-size":"auto","background-attachment":"scroll","background-type":"","background-media":"","overlay-type":"","overlay-color":"","overlay-opacity":"","overlay-gradient":""}},"ast-content-background-meta":{"desktop":{"background-color":"var(--ast-global-color-5)","background-image":"","background-repeat":"repeat","background-position":"center center","background-size":"auto","background-attachment":"scroll","background-type":"","background-media":"","overlay-type":"","overlay-color":"","overlay-opacity":"","overlay-gradient":""},"tablet":{"background-color":"var(--ast-global-color-5)","background-image":"","background-repeat":"repeat","background-position":"center center","background-size":"auto","background-attachment":"scroll","background-type":"","background-media":"","overlay-type":"","overlay-color":"","overlay-opacity":"","overlay-gradient":""},"mobile":{"background-color":"var(--ast-global-color-5)","background-image":"","background-repeat":"repeat","background-position":"center center","background-size":"auto","background-attachment":"scroll","background-type":"","background-media":"","overlay-type":"","overlay-color":"","overlay-opacity":"","overlay-gradient":""}},"footnotes":""},"class_list":["post-3","page","type-page","status-publish","hentry"],"yoast_head":"<!-- This site is optimized with the Yoast SEO plugin v27.4 - https:\/\/yoast.com\/product\/yoast-seo-wordpress\/ -->\n<title>Politique de confidentialit\u00e9 - Altum Projets<\/title>\n<meta name=\"robots\" content=\"index, follow, max-snippet:-1, max-image-preview:large, max-video-preview:-1\" \/>\n<link rel=\"canonical\" href=\"https:\/\/altum-projets.com\/en\/politique-de-confidentialite\/\" \/>\n<meta property=\"og:locale\" content=\"en_GB\" \/>\n<meta property=\"og:type\" content=\"article\" \/>\n<meta property=\"og:title\" content=\"Politique de confidentialit\u00e9 - Altum Projets\" \/>\n<meta property=\"og:description\" content=\"Politique de Confidentialit\u00e9 Derni\u00e8re mise \u00e0 jour : 13 janvier 2025 La pr\u00e9sente politique de confidentialit\u00e9 a pour but de [&hellip;]\" \/>\n<meta property=\"og:url\" content=\"https:\/\/altum-projets.com\/en\/politique-de-confidentialite\/\" \/>\n<meta property=\"og:site_name\" content=\"Altum Projets\" \/>\n<meta property=\"article:modified_time\" content=\"2026-01-19T09:57:25+00:00\" \/>\n<meta name=\"twitter:card\" content=\"summary_large_image\" \/>\n<meta name=\"twitter:label1\" content=\"Estimated reading time\" \/>\n\t<meta name=\"twitter:data1\" content=\"4 minutes\" \/>\n<script type=\"application\/ld+json\" class=\"yoast-schema-graph\">{\"@context\":\"https:\\\/\\\/schema.org\",\"@graph\":[{\"@type\":\"WebPage\",\"@id\":\"https:\\\/\\\/altum-projets.com\\\/politique-de-confidentialite\\\/\",\"url\":\"https:\\\/\\\/altum-projets.com\\\/politique-de-confidentialite\\\/\",\"name\":\"Politique de confidentialit\u00e9 - Altum Projets\",\"isPartOf\":{\"@id\":\"https:\\\/\\\/altum-projets.com\\\/#website\"},\"datePublished\":\"2024-11-06T11:49:39+00:00\",\"dateModified\":\"2026-01-19T09:57:25+00:00\",\"breadcrumb\":{\"@id\":\"https:\\\/\\\/altum-projets.com\\\/politique-de-confidentialite\\\/#breadcrumb\"},\"inLanguage\":\"en-GB\",\"potentialAction\":[{\"@type\":\"ReadAction\",\"target\":[\"https:\\\/\\\/altum-projets.com\\\/politique-de-confidentialite\\\/\"]}]},{\"@type\":\"BreadcrumbList\",\"@id\":\"https:\\\/\\\/altum-projets.com\\\/politique-de-confidentialite\\\/#breadcrumb\",\"itemListElement\":[{\"@type\":\"ListItem\",\"position\":1,\"name\":\"Accueil\",\"item\":\"https:\\\/\\\/altum-projets.com\\\/\"},{\"@type\":\"ListItem\",\"position\":2,\"name\":\"Politique de confidentialit\u00e9\"}]},{\"@type\":\"WebSite\",\"@id\":\"https:\\\/\\\/altum-projets.com\\\/#website\",\"url\":\"https:\\\/\\\/altum-projets.com\\\/\",\"name\":\"Altum Projets\",\"description\":\"Conseil et Assistance \u00e0 Ma\u00eetrise Ouvrage en Immobilier\",\"publisher\":{\"@id\":\"https:\\\/\\\/altum-projets.com\\\/#organization\"},\"potentialAction\":[{\"@type\":\"SearchAction\",\"target\":{\"@type\":\"EntryPoint\",\"urlTemplate\":\"https:\\\/\\\/altum-projets.com\\\/?s={search_term_string}\"},\"query-input\":{\"@type\":\"PropertyValueSpecification\",\"valueRequired\":true,\"valueName\":\"search_term_string\"}}],\"inLanguage\":\"en-GB\"},{\"@type\":\"Organization\",\"@id\":\"https:\\\/\\\/altum-projets.com\\\/#organization\",\"name\":\"Altum Projets\",\"url\":\"https:\\\/\\\/altum-projets.com\\\/\",\"logo\":{\"@type\":\"ImageObject\",\"inLanguage\":\"en-GB\",\"@id\":\"https:\\\/\\\/altum-projets.com\\\/#\\\/schema\\\/logo\\\/image\\\/\",\"url\":\"https:\\\/\\\/altum-projets.com\\\/wp-content\\\/uploads\\\/2024\\\/11\\\/Altum-projets-LOGO1.svg\",\"contentUrl\":\"https:\\\/\\\/altum-projets.com\\\/wp-content\\\/uploads\\\/2024\\\/11\\\/Altum-projets-LOGO1.svg\",\"width\":636,\"height\":257,\"caption\":\"Altum Projets\"},\"image\":{\"@id\":\"https:\\\/\\\/altum-projets.com\\\/#\\\/schema\\\/logo\\\/image\\\/\"},\"sameAs\":[\"https:\\\/\\\/www.linkedin.com\\\/company\\\/altum-projets\\\/\"]}]}<\/script>\n<!-- \/ Yoast SEO plugin. -->","yoast_head_json":{"title":"Politique de confidentialit\u00e9 - Altum Projets","robots":{"index":"index","follow":"follow","max-snippet":"max-snippet:-1","max-image-preview":"max-image-preview:large","max-video-preview":"max-video-preview:-1"},"canonical":"https:\/\/altum-projets.com\/en\/politique-de-confidentialite\/","og_locale":"en_GB","og_type":"article","og_title":"Politique de confidentialit\u00e9 - Altum Projets","og_description":"Politique de Confidentialit\u00e9 Derni\u00e8re mise \u00e0 jour : 13 janvier 2025 La pr\u00e9sente politique de confidentialit\u00e9 a pour but de [&hellip;]","og_url":"https:\/\/altum-projets.com\/en\/politique-de-confidentialite\/","og_site_name":"Altum Projets","article_modified_time":"2026-01-19T09:57:25+00:00","twitter_card":"summary_large_image","twitter_misc":{"Estimated reading time":"4 minutes"},"schema":{"@context":"https:\/\/schema.org","@graph":[{"@type":"WebPage","@id":"https:\/\/altum-projets.com\/politique-de-confidentialite\/","url":"https:\/\/altum-projets.com\/politique-de-confidentialite\/","name":"Politique de confidentialit\u00e9 - Altum Projets","isPartOf":{"@id":"https:\/\/altum-projets.com\/#website"},"datePublished":"2024-11-06T11:49:39+00:00","dateModified":"2026-01-19T09:57:25+00:00","breadcrumb":{"@id":"https:\/\/altum-projets.com\/politique-de-confidentialite\/#breadcrumb"},"inLanguage":"en-GB","potentialAction":[{"@type":"ReadAction","target":["https:\/\/altum-projets.com\/politique-de-confidentialite\/"]}]},{"@type":"BreadcrumbList","@id":"https:\/\/altum-projets.com\/politique-de-confidentialite\/#breadcrumb","itemListElement":[{"@type":"ListItem","position":1,"name":"Accueil","item":"https:\/\/altum-projets.com\/"},{"@type":"ListItem","position":2,"name":"Politique de confidentialit\u00e9"}]},{"@type":"WebSite","@id":"https:\/\/altum-projets.com\/#website","url":"https:\/\/altum-projets.com\/","name":"Altum Projets","description":"Conseil et Assistance \u00e0 Ma\u00eetrise Ouvrage en Immobilier","publisher":{"@id":"https:\/\/altum-projets.com\/#organization"},"potentialAction":[{"@type":"SearchAction","target":{"@type":"EntryPoint","urlTemplate":"https:\/\/altum-projets.com\/?s={search_term_string}"},"query-input":{"@type":"PropertyValueSpecification","valueRequired":true,"valueName":"search_term_string"}}],"inLanguage":"en-GB"},{"@type":"Organization","@id":"https:\/\/altum-projets.com\/#organization","name":"Altum Projets","url":"https:\/\/altum-projets.com\/","logo":{"@type":"ImageObject","inLanguage":"en-GB","@id":"https:\/\/altum-projets.com\/#\/schema\/logo\/image\/","url":"https:\/\/altum-projets.com\/wp-content\/uploads\/2024\/11\/Altum-projets-LOGO1.svg","contentUrl":"https:\/\/altum-projets.com\/wp-content\/uploads\/2024\/11\/Altum-projets-LOGO1.svg","width":636,"height":257,"caption":"Altum Projets"},"image":{"@id":"https:\/\/altum-projets.com\/#\/schema\/logo\/image\/"},"sameAs":["https:\/\/www.linkedin.com\/company\/altum-projets\/"]}]}},"_links":{"self":[{"href":"https:\/\/altum-projets.com\/en\/wp-json\/wp\/v2\/pages\/3","targetHints":{"allow":["GET"]}}],"collection":[{"href":"https:\/\/altum-projets.com\/en\/wp-json\/wp\/v2\/pages"}],"about":[{"href":"https:\/\/altum-projets.com\/en\/wp-json\/wp\/v2\/types\/page"}],"author":[{"embeddable":true,"href":"https:\/\/altum-projets.com\/en\/wp-json\/wp\/v2\/users\/2"}],"replies":[{"embeddable":true,"href":"https:\/\/altum-projets.com\/en\/wp-json\/wp\/v2\/comments?post=3"}],"version-history":[{"count":22,"href":"https:\/\/altum-projets.com\/en\/wp-json\/wp\/v2\/pages\/3\/revisions"}],"predecessor-version":[{"id":1620,"href":"https:\/\/altum-projets.com\/en\/wp-json\/wp\/v2\/pages\/3\/revisions\/1620"}],"wp:attachment":[{"href":"https:\/\/altum-projets.com\/en\/wp-json\/wp\/v2\/media?parent=3"}],"curies":[{"name":"wp","href":"https:\/\/api.w.org\/{rel}","templated":true}]}}