{"id":840,"date":"2025-01-13T15:08:53","date_gmt":"2025-01-13T14:08:53","guid":{"rendered":"https:\/\/altum-projets.com\/?page_id=840"},"modified":"2026-01-19T10:57:25","modified_gmt":"2026-01-19T09:57:25","slug":"politique-de-gestion-des-cookies","status":"publish","type":"page","link":"https:\/\/altum-projets.com\/en\/politique-de-gestion-des-cookies\/","title":{"rendered":"Cookie management policy"},"content":{"rendered":"<div data-elementor-type=\"wp-page\" data-elementor-id=\"840\" class=\"elementor elementor-840\">\n\t\t\t\t<div class=\"elementor-element elementor-element-81d1929 e-flex e-con-boxed e-con e-parent\" data-id=\"81d1929\" data-element_type=\"container\" data-e-type=\"container\">\n\t\t\t\t\t<div class=\"e-con-inner\">\n\t\t\t\t<div class=\"elementor-element elementor-element-a4be56a elementor-widget elementor-widget-heading\" data-id=\"a4be56a\" data-element_type=\"widget\" data-e-type=\"widget\" data-widget_type=\"heading.default\">\n\t\t\t\t<div class=\"elementor-widget-container\">\n\t\t\t\t\t<h2 class=\"elementor-heading-title elementor-size-default\">Cookie management policy<\/h2>\t\t\t\t<\/div>\n\t\t\t\t<\/div>\n\t\t\t\t\t<\/div>\n\t\t\t\t<\/div>\n\t\t<div class=\"elementor-element elementor-element-72d7c49 e-flex e-con-boxed e-con e-parent\" data-id=\"72d7c49\" data-element_type=\"container\" data-e-type=\"container\">\n\t\t\t\t\t<div class=\"e-con-inner\">\n\t\t\t\t<div class=\"elementor-element elementor-element-3c7e700 elementor-widget elementor-widget-text-editor\" data-id=\"3c7e700\" data-element_type=\"widget\" data-e-type=\"widget\" data-widget_type=\"text-editor.default\">\n\t\t\t\t<div class=\"elementor-widget-container\">\n\t\t\t\t\t\t\t\t\t<h4><strong>1. Qu\u2019est-ce qu\u2019un cookie ?<\/strong><\/h4><p>Un cookie est un petit fichier texte d\u00e9pos\u00e9 sur votre terminal (ordinateur, tablette, smartphone) lorsque vous naviguez sur un site Internet. Il permet au site de m\u00e9moriser certaines informations concernant vos pr\u00e9f\u00e9rences ou votre navigation pour am\u00e9liorer votre exp\u00e9rience utilisateur.<\/p><h4><strong>2. Types de cookies utilis\u00e9s<\/strong><\/h4><p>Le site <a href=\"https:\/\/altum-projets.com\/en\/\">Altum Projets<\/a> utilise les cookies suivants :<\/p><ol><li><p><strong>Cookies n\u00e9cessaires au fonctionnement du site<\/strong><br \/>Ces cookies sont indispensables pour permettre le bon fonctionnement du site. Ils ne peuvent pas \u00eatre d\u00e9sactiv\u00e9s dans nos syst\u00e8mes. Ils incluent, par exemple, des cookies permettant de m\u00e9moriser vos pr\u00e9f\u00e9rences en mati\u00e8re de confidentialit\u00e9.<\/p><\/li><li><p><strong>Cookies de mesure d\u2019audience<\/strong><br \/>Ces cookies permettent de recueillir des informations sur la mani\u00e8re dont les visiteurs utilisent le site (nombre de visites, pages consult\u00e9es, temps pass\u00e9 sur le site, etc.). Ils nous aident \u00e0 am\u00e9liorer les performances et l\u2019ergonomie du site.<br \/>Outils utilis\u00e9s : Google Analytics<\/p><\/li><li><p><strong>Cookies fonctionnels<\/strong>\u00a0<br \/>Ces cookies permettent de personnaliser votre exp\u00e9rience sur le site, par exemple en m\u00e9morisant vos choix ou vos pr\u00e9f\u00e9rences (langue, r\u00e9gion, etc.).<\/p><\/li><\/ol><h4><strong>3. Gestion des cookies<\/strong><\/h4><p>Lors de votre premi\u00e8re visite sur le site, un bandeau vous informe de l\u2019utilisation de cookies et vous permet de les accepter ou de les refuser, en totalit\u00e9 ou partiellement.<\/p><p>Vous pouvez \u00e0 tout moment modifier vos choix de gestion de cookies via notre gestionnaire de cookies.<\/p><h4><strong>4. Dur\u00e9e de conservation des cookies<\/strong><\/h4><p>Les cookies sont conserv\u00e9s pour une dur\u00e9e maximale de 13 mois apr\u00e8s leur d\u00e9p\u00f4t sur votre terminal. Apr\u00e8s cette p\u00e9riode, votre consentement sera de nouveau requis.<\/p><h4><strong>5. Vos droits<\/strong><\/h4><p>Conform\u00e9ment au RGPD, vous avez le droit de :<\/p><ul><li>Acc\u00e9der aux donn\u00e9es collect\u00e9es via les cookies.<\/li><li>Supprimer les cookies ou vous opposer \u00e0 leur utilisation.<\/li><\/ul><p>Pour toute question concernant notre politique de gestion des cookies, vous pouvez nous contacter \u00e0 l\u2019adresse suivante : <a href=\"mailto:contact@altum-projets.com\">contact@altum-projets.com<\/a>.<\/p><h4><strong>6. Mise \u00e0 jour de la politique<\/strong><\/h4><p>Nous pouvons \u00eatre amen\u00e9s \u00e0 mettre \u00e0 jour la pr\u00e9sente politique afin de refl\u00e9ter les changements apport\u00e9s \u00e0 notre site ou \u00e0 la r\u00e9glementation. La derni\u00e8re mise \u00e0 jour de cette politique a \u00e9t\u00e9 effectu\u00e9e le <strong>13 janvier 2025<\/strong>.<\/p>\t\t\t\t\t\t\t\t<\/div>\n\t\t\t\t<\/div>\n\t\t\t\t\t<\/div>\n\t\t\t\t<\/div>\n\t\t\t\t<\/div>","protected":false},"excerpt":{"rendered":"<p>Politique de gestion des cookies 1. Qu\u2019est-ce qu\u2019un cookie ? Un cookie est un petit fichier texte d\u00e9pos\u00e9 sur votre [&hellip;]<\/p>\n","protected":false},"author":3,"featured_media":0,"parent":0,"menu_order":0,"comment_status":"closed","ping_status":"closed","template":"","meta":{"site-sidebar-layout":"no-sidebar","site-content-layout":"","ast-site-content-layout":"full-width-container","site-content-style":"default","site-sidebar-style":"default","ast-global-header-display":"","ast-banner-title-visibility":"","ast-main-header-display":"","ast-hfb-above-header-display":"","ast-hfb-below-header-display":"","ast-hfb-mobile-header-display":"","site-post-title":"disabled","ast-breadcrumbs-content":"","ast-featured-img":"disabled","footer-sml-layout":"","ast-disable-related-posts":"","theme-transparent-header-meta":"","adv-header-id-meta":"","stick-header-meta":"","header-above-stick-meta":"","header-main-stick-meta":"","header-below-stick-meta":"","astra-migrate-meta-layouts":"default","ast-page-background-enabled":"default","ast-page-background-meta":{"desktop":{"background-color":"var(--ast-global-color-4)","background-image":"","background-repeat":"repeat","background-position":"center center","background-size":"auto","background-attachment":"scroll","background-type":"","background-media":"","overlay-type":"","overlay-color":"","overlay-opacity":"","overlay-gradient":""},"tablet":{"background-color":"","background-image":"","background-repeat":"repeat","background-position":"center center","background-size":"auto","background-attachment":"scroll","background-type":"","background-media":"","overlay-type":"","overlay-color":"","overlay-opacity":"","overlay-gradient":""},"mobile":{"background-color":"","background-image":"","background-repeat":"repeat","background-position":"center center","background-size":"auto","background-attachment":"scroll","background-type":"","background-media":"","overlay-type":"","overlay-color":"","overlay-opacity":"","overlay-gradient":""}},"ast-content-background-meta":{"desktop":{"background-color":"var(--ast-global-color-5)","background-image":"","background-repeat":"repeat","background-position":"center center","background-size":"auto","background-attachment":"scroll","background-type":"","background-media":"","overlay-type":"","overlay-color":"","overlay-opacity":"","overlay-gradient":""},"tablet":{"background-color":"var(--ast-global-color-5)","background-image":"","background-repeat":"repeat","background-position":"center center","background-size":"auto","background-attachment":"scroll","background-type":"","background-media":"","overlay-type":"","overlay-color":"","overlay-opacity":"","overlay-gradient":""},"mobile":{"background-color":"var(--ast-global-color-5)","background-image":"","background-repeat":"repeat","background-position":"center center","background-size":"auto","background-attachment":"scroll","background-type":"","background-media":"","overlay-type":"","overlay-color":"","overlay-opacity":"","overlay-gradient":""}},"footnotes":""},"class_list":["post-840","page","type-page","status-publish","hentry"],"yoast_head":"<!-- This site is optimized with the Yoast SEO plugin v27.4 - https:\/\/yoast.com\/product\/yoast-seo-wordpress\/ -->\n<title>Politique de gestion des cookies - Altum Projets<\/title>\n<meta name=\"robots\" content=\"index, follow, max-snippet:-1, max-image-preview:large, max-video-preview:-1\" \/>\n<link rel=\"canonical\" href=\"https:\/\/altum-projets.com\/en\/politique-de-gestion-des-cookies\/\" \/>\n<meta property=\"og:locale\" content=\"en_GB\" \/>\n<meta property=\"og:type\" content=\"article\" \/>\n<meta property=\"og:title\" content=\"Politique de gestion des cookies - Altum Projets\" \/>\n<meta property=\"og:description\" content=\"Politique de gestion des cookies 1. Qu\u2019est-ce qu\u2019un cookie ? Un cookie est un petit fichier texte d\u00e9pos\u00e9 sur votre [&hellip;]\" \/>\n<meta property=\"og:url\" content=\"https:\/\/altum-projets.com\/en\/politique-de-gestion-des-cookies\/\" \/>\n<meta property=\"og:site_name\" content=\"Altum Projets\" \/>\n<meta property=\"article:modified_time\" content=\"2026-01-19T09:57:25+00:00\" \/>\n<meta name=\"twitter:card\" content=\"summary_large_image\" \/>\n<meta name=\"twitter:label1\" content=\"Estimated reading time\" \/>\n\t<meta name=\"twitter:data1\" content=\"2 minutes\" \/>\n<script type=\"application\/ld+json\" class=\"yoast-schema-graph\">{\"@context\":\"https:\\\/\\\/schema.org\",\"@graph\":[{\"@type\":\"WebPage\",\"@id\":\"https:\\\/\\\/altum-projets.com\\\/politique-de-gestion-des-cookies\\\/\",\"url\":\"https:\\\/\\\/altum-projets.com\\\/politique-de-gestion-des-cookies\\\/\",\"name\":\"Politique de gestion des cookies - Altum Projets\",\"isPartOf\":{\"@id\":\"https:\\\/\\\/altum-projets.com\\\/#website\"},\"datePublished\":\"2025-01-13T14:08:53+00:00\",\"dateModified\":\"2026-01-19T09:57:25+00:00\",\"breadcrumb\":{\"@id\":\"https:\\\/\\\/altum-projets.com\\\/politique-de-gestion-des-cookies\\\/#breadcrumb\"},\"inLanguage\":\"en-GB\",\"potentialAction\":[{\"@type\":\"ReadAction\",\"target\":[\"https:\\\/\\\/altum-projets.com\\\/politique-de-gestion-des-cookies\\\/\"]}]},{\"@type\":\"BreadcrumbList\",\"@id\":\"https:\\\/\\\/altum-projets.com\\\/politique-de-gestion-des-cookies\\\/#breadcrumb\",\"itemListElement\":[{\"@type\":\"ListItem\",\"position\":1,\"name\":\"Accueil\",\"item\":\"https:\\\/\\\/altum-projets.com\\\/\"},{\"@type\":\"ListItem\",\"position\":2,\"name\":\"Politique de gestion des cookies\"}]},{\"@type\":\"WebSite\",\"@id\":\"https:\\\/\\\/altum-projets.com\\\/#website\",\"url\":\"https:\\\/\\\/altum-projets.com\\\/\",\"name\":\"Altum Projets\",\"description\":\"Conseil et Assistance \u00e0 Ma\u00eetrise Ouvrage en Immobilier\",\"publisher\":{\"@id\":\"https:\\\/\\\/altum-projets.com\\\/#organization\"},\"potentialAction\":[{\"@type\":\"SearchAction\",\"target\":{\"@type\":\"EntryPoint\",\"urlTemplate\":\"https:\\\/\\\/altum-projets.com\\\/?s={search_term_string}\"},\"query-input\":{\"@type\":\"PropertyValueSpecification\",\"valueRequired\":true,\"valueName\":\"search_term_string\"}}],\"inLanguage\":\"en-GB\"},{\"@type\":\"Organization\",\"@id\":\"https:\\\/\\\/altum-projets.com\\\/#organization\",\"name\":\"Altum Projets\",\"url\":\"https:\\\/\\\/altum-projets.com\\\/\",\"logo\":{\"@type\":\"ImageObject\",\"inLanguage\":\"en-GB\",\"@id\":\"https:\\\/\\\/altum-projets.com\\\/#\\\/schema\\\/logo\\\/image\\\/\",\"url\":\"https:\\\/\\\/altum-projets.com\\\/wp-content\\\/uploads\\\/2024\\\/11\\\/Altum-projets-LOGO1.svg\",\"contentUrl\":\"https:\\\/\\\/altum-projets.com\\\/wp-content\\\/uploads\\\/2024\\\/11\\\/Altum-projets-LOGO1.svg\",\"width\":636,\"height\":257,\"caption\":\"Altum Projets\"},\"image\":{\"@id\":\"https:\\\/\\\/altum-projets.com\\\/#\\\/schema\\\/logo\\\/image\\\/\"},\"sameAs\":[\"https:\\\/\\\/www.linkedin.com\\\/company\\\/altum-projets\\\/\"]}]}<\/script>\n<!-- \/ Yoast SEO plugin. -->","yoast_head_json":{"title":"Politique de gestion des cookies - Altum Projets","robots":{"index":"index","follow":"follow","max-snippet":"max-snippet:-1","max-image-preview":"max-image-preview:large","max-video-preview":"max-video-preview:-1"},"canonical":"https:\/\/altum-projets.com\/en\/politique-de-gestion-des-cookies\/","og_locale":"en_GB","og_type":"article","og_title":"Politique de gestion des cookies - Altum Projets","og_description":"Politique de gestion des cookies 1. Qu\u2019est-ce qu\u2019un cookie ? Un cookie est un petit fichier texte d\u00e9pos\u00e9 sur votre [&hellip;]","og_url":"https:\/\/altum-projets.com\/en\/politique-de-gestion-des-cookies\/","og_site_name":"Altum Projets","article_modified_time":"2026-01-19T09:57:25+00:00","twitter_card":"summary_large_image","twitter_misc":{"Estimated reading time":"2 minutes"},"schema":{"@context":"https:\/\/schema.org","@graph":[{"@type":"WebPage","@id":"https:\/\/altum-projets.com\/politique-de-gestion-des-cookies\/","url":"https:\/\/altum-projets.com\/politique-de-gestion-des-cookies\/","name":"Politique de gestion des cookies - Altum Projets","isPartOf":{"@id":"https:\/\/altum-projets.com\/#website"},"datePublished":"2025-01-13T14:08:53+00:00","dateModified":"2026-01-19T09:57:25+00:00","breadcrumb":{"@id":"https:\/\/altum-projets.com\/politique-de-gestion-des-cookies\/#breadcrumb"},"inLanguage":"en-GB","potentialAction":[{"@type":"ReadAction","target":["https:\/\/altum-projets.com\/politique-de-gestion-des-cookies\/"]}]},{"@type":"BreadcrumbList","@id":"https:\/\/altum-projets.com\/politique-de-gestion-des-cookies\/#breadcrumb","itemListElement":[{"@type":"ListItem","position":1,"name":"Accueil","item":"https:\/\/altum-projets.com\/"},{"@type":"ListItem","position":2,"name":"Politique de gestion des cookies"}]},{"@type":"WebSite","@id":"https:\/\/altum-projets.com\/#website","url":"https:\/\/altum-projets.com\/","name":"Altum Projets","description":"Conseil et Assistance \u00e0 Ma\u00eetrise Ouvrage en Immobilier","publisher":{"@id":"https:\/\/altum-projets.com\/#organization"},"potentialAction":[{"@type":"SearchAction","target":{"@type":"EntryPoint","urlTemplate":"https:\/\/altum-projets.com\/?s={search_term_string}"},"query-input":{"@type":"PropertyValueSpecification","valueRequired":true,"valueName":"search_term_string"}}],"inLanguage":"en-GB"},{"@type":"Organization","@id":"https:\/\/altum-projets.com\/#organization","name":"Altum Projets","url":"https:\/\/altum-projets.com\/","logo":{"@type":"ImageObject","inLanguage":"en-GB","@id":"https:\/\/altum-projets.com\/#\/schema\/logo\/image\/","url":"https:\/\/altum-projets.com\/wp-content\/uploads\/2024\/11\/Altum-projets-LOGO1.svg","contentUrl":"https:\/\/altum-projets.com\/wp-content\/uploads\/2024\/11\/Altum-projets-LOGO1.svg","width":636,"height":257,"caption":"Altum Projets"},"image":{"@id":"https:\/\/altum-projets.com\/#\/schema\/logo\/image\/"},"sameAs":["https:\/\/www.linkedin.com\/company\/altum-projets\/"]}]}},"_links":{"self":[{"href":"https:\/\/altum-projets.com\/en\/wp-json\/wp\/v2\/pages\/840","targetHints":{"allow":["GET"]}}],"collection":[{"href":"https:\/\/altum-projets.com\/en\/wp-json\/wp\/v2\/pages"}],"about":[{"href":"https:\/\/altum-projets.com\/en\/wp-json\/wp\/v2\/types\/page"}],"author":[{"embeddable":true,"href":"https:\/\/altum-projets.com\/en\/wp-json\/wp\/v2\/users\/3"}],"replies":[{"embeddable":true,"href":"https:\/\/altum-projets.com\/en\/wp-json\/wp\/v2\/comments?post=840"}],"version-history":[{"count":22,"href":"https:\/\/altum-projets.com\/en\/wp-json\/wp\/v2\/pages\/840\/revisions"}],"predecessor-version":[{"id":1624,"href":"https:\/\/altum-projets.com\/en\/wp-json\/wp\/v2\/pages\/840\/revisions\/1624"}],"wp:attachment":[{"href":"https:\/\/altum-projets.com\/en\/wp-json\/wp\/v2\/media?parent=840"}],"curies":[{"name":"wp","href":"https:\/\/api.w.org\/{rel}","templated":true}]}}